{"id":592,"date":"2019-04-22T11:59:46","date_gmt":"2019-04-22T11:59:46","guid":{"rendered":"https:\/\/promo-theme.com\/mato\/?page_id=592"},"modified":"2024-09-18T11:51:13","modified_gmt":"2024-09-18T09:51:13","slug":"kontakt","status":"publish","type":"page","link":"https:\/\/mojomovies.pl\/?page_id=592","title":{"rendered":"Kontakt"},"content":{"rendered":"<div class=\"wpb-content-wrapper\"><p>[vc_row full_width=&#8221;stretch_row_content_no_spaces&#8221; uniqid=&#8221;5cda6d888e791&#8243;][vc_column]    <section class=\"banner-area banner-area-5cda6d4d42a44 banner-default\">\n            <div class=\"banner-item tac\" style=\"height: 450px;\">\n        \n    <div class=\"bg-overlay\">\n                        <div class=\"image\" data-parallax=\"true\" data-image-src=\"https:\/\/mojomovies.pl\/wp-content\/uploads\/2022\/06\/kontakt-grafika.jpg\" data-position-y=\"center\" data-speed=\"0.8\"><\/div>\n                                <div class=\"color\"><\/div>\n          <\/div>\n\n            <div class=\"container\">\n          <div class=\"row align-items-center fixed-height\" style=\"height: 450px;\">\n            <div class=\"col\">\n                              <div class=\"heading-block tac\">\n                                      <div class=\"sub-h\">Zapraszamy<\/div>\n                                      <h1 class=\"h\"><span>Kontakt<\/span><\/h1>\n                                  <\/div>\n                          <\/div>\n          <\/div>\n        <\/div>\n      <\/div>\n    <\/section>\n    [\/vc_column][\/vc_row][vc_row][vc_column width=&#8221;1\/2&#8243; css=&#8221;.vc_custom_1557823572261{padding-top: 20px !important;padding-bottom: 80px !important;}&#8221; uniqid=&#8221;5cda7cbd2d333&#8243;]      <div class=\"heading-block heading-5cda6da5f340f tal h-h3 vc_custom_1654703181856\">\n                  <h3 class=\"h\">Skontaktuj si\u0119<\/h3>\n              <\/div>\n    [vc_column_text el_class=&#8221;text-t1&#8243;]Ju\u017c na\u00a0wst\u0119pie chcemy zada\u0107 Ci kilka pyta\u0144 tak\u00a0by\u00a0jak najlepiej zrozumie\u0107 jak mo\u017cemy Ci pom\u00f3c. Komunikacja to\u00a0podstawa.[\/vc_column_text][vc_raw_html]JTNDZGl2JTIwY2xhc3MlM0QlMjJoZWFkaW5nLWJsb2NrJTIwaGVhZGluZy01Y2RhNmRlMjU3MGNlJTIwdGFsJTIwaC1oNSUyMiUzRSUzQ2RpdiUyMGNsYXNzJTNEJTIyc3ViLWglMjIlM0V0ZWxlZm9uJTNDJTJGZGl2JTNFJTNDaDUlMjBjbGFzcyUzRCUyMmglMjIlM0UlM0NhJTIwaHJlZiUzRCUyMnRlbCUzQSUyQjQ4NjY0NDE3NTY4JTIyJTNFJTJCNDglMjA2NjQlMjA0MTclMjA1NjglM0MlMkZhJTNFJTNDJTJGaDUlM0UlM0MlMkZkaXYlM0U=[\/vc_raw_html][vc_raw_html]JTNDZGl2JTIwY2xhc3MlM0QlMjJoZWFkaW5nLWJsb2NrJTIwaGVhZGluZy01Y2RhNmRlMjU3MGNlJTIwdGFsJTIwaC1oNSUyMiUzRSUzQ2RpdiUyMGNsYXNzJTNEJTIyc3ViLWglMjIlM0VlLW1haWwlM0MlMkZkaXYlM0UlM0NoNSUyMGNsYXNzJTNEJTIyaCUyMiUzRSUzQ2ElMjBocmVmJTNEJTIybWFpbHRvJTNBa29udGFrdCU0MG1vam9tb3ZpZXMucGwlMjIlM0Vrb250YWt0JTQwbW9qb21vdmllcy5wbCUzQyUyRmElM0UlM0MlMkZoNSUzRSUzQyUyRmRpdiUzRQ==[\/vc_raw_html][vc_raw_html]JTNDZGl2JTIwY2xhc3MlM0QlMjJoZWFkaW5nLWJsb2NrJTIwaGVhZGluZy01Y2RhNmRlMjU3MGNlJTIwdGFsJTIwaC1oNSUyMiUzRSUzQ2RpdiUyMGNsYXNzJTNEJTIyc3ViLWglMjIlM0VhZHJlcyUzQyUyRmRpdiUzRSUzQ2g1JTIwY2xhc3MlM0QlMjJoJTIyJTNFJTNDYSUyMGhyZWYlM0QlMjJodHRwcyUzQSUyRiUyRnd3dy5nb29nbGUuY29tJTJGbWFwcyUyRnBsYWNlJTJGSGlzenBhJTI1QzUlMjU4NHNrYSUyQjI3JTI1MkY4JTJDJTJCNTQtNDA5JTJCV3JvYyUyNUM1JTI1ODJhdyUyRmRhdGElM0QlMjE0bTIlMjEzbTElMjExczB4NDcwZmMxYzIyMzA4MGNkZCUzQTB4NGI3OTJhMzAxZTJmYjk5YyUzRnNhJTNEWCUyNnZlZCUzRDJhaFVLRXdpZnFfM2M0TGotQWhWRS15b0tIV3NnQnJ3UThnRjZCQWdMRUFJJTIyJTIwdGFyZ2V0JTNEJTIyX2JsYW5rJTIyJTNFSGlzenBhJUM1JTg0c2thJTIwMjclMkY4JTJDJTIwNTQtNDA5JTIwV3JvYyVDNSU4MmF3JTNDJTJGYSUzRSUzQyUyRmg1JTNFJTNDJTJGZGl2JTNF[\/vc_raw_html]    <div class=\"social-links-block social-links-5cda6e482d3b6 social-links justify-content-flex-start\">\n      <a href=\"https:\/\/www.facebook.com\/InternationalHouseOfMojo\/\" target=\"_blank\" rel=\"noopener\"><i class=\"fab fa-facebook-square\"><\/i><\/a><a href=\"https:\/\/vimeo.com\/mojomovies\" target=\"_blank\" rel=\"noopener\"><i class=\"fab fa-vimeo-square\"><\/i><\/a><a href=\"https:\/\/www.youtube.com\/c\/AreYouWatchingCloselyTV\" target=\"_blank\" rel=\"noopener\"><i class=\"fab fa-youtube-square\"><\/i><\/a><a href=\"https:\/\/www.instagram.com\/mojomovies\/\" target=\"_blank\" rel=\"noopener\"><i class=\"fab fa-instagram\"><\/i><\/a>    <\/div>\n    [\/vc_column][vc_column width=&#8221;1\/2&#8243; css=&#8221;.vc_custom_1558337353999{padding-top: 50px !important;}&#8221; uniqid=&#8221;5cda7d00229ce&#8221;][vc_column_text]\n<div class=\"wpcf7 no-js\" id=\"wpcf7-f1743-o1\" lang=\"pl-PL\" dir=\"ltr\" data-wpcf7-id=\"1743\">\n<div class=\"screen-reader-response\"><p role=\"status\" aria-live=\"polite\" aria-atomic=\"true\"><\/p> <ul><\/ul><\/div>\n<form action=\"\/index.php?rest_route=%2Fwp%2Fv2%2Fpages%2F592#wpcf7-f1743-o1\" method=\"post\" class=\"wpcf7-form init\" aria-label=\"Formularz kontaktowy\" novalidate=\"novalidate\" data-status=\"init\">\n<fieldset class=\"hidden-fields-container\"><input type=\"hidden\" name=\"_wpcf7\" value=\"1743\" \/><input type=\"hidden\" name=\"_wpcf7_version\" value=\"6.1.5\" \/><input type=\"hidden\" name=\"_wpcf7_locale\" value=\"pl_PL\" \/><input type=\"hidden\" name=\"_wpcf7_unit_tag\" value=\"wpcf7-f1743-o1\" \/><input type=\"hidden\" name=\"_wpcf7_container_post\" value=\"0\" \/><input type=\"hidden\" name=\"_wpcf7_posted_data_hash\" value=\"\" \/>\n<\/fieldset>\n<div class=\"contact-form\"><div class=\"input-row\"><label>Imi\u0119 i nazwisko <span>*<\/span><\/label><span class=\"wpcf7-form-control-wrap\" data-name=\"your-name\"><input size=\"40\" maxlength=\"400\" class=\"wpcf7-form-control wpcf7-text style1\" aria-invalid=\"false\" value=\"\" type=\"text\" name=\"your-name\" \/><\/span><\/div><div class=\"input-row\"><label>Adres e-mail <span>*<\/span><\/label><span class=\"wpcf7-form-control-wrap\" data-name=\"your-email\"><input size=\"40\" maxlength=\"400\" class=\"wpcf7-form-control wpcf7-text style1\" aria-invalid=\"false\" value=\"\" type=\"text\" name=\"your-email\" \/><\/span><\/div><div class=\"input-row\"><label>Wiadomo\u015b\u0107 <span>*<\/span><\/label><span class=\"wpcf7-form-control-wrap\" data-name=\"your-message\"><textarea cols=\"40\" rows=\"6\" maxlength=\"2000\" class=\"wpcf7-form-control wpcf7-textarea style1\" aria-invalid=\"false\" name=\"your-message\"><\/textarea><\/span><\/div><button class=\"button-style2\" type=\"submit\"><span>wy\u015blij<\/span><\/button><\/div><div class=\"wpcf7-response-output\" aria-hidden=\"true\"><\/div>\n<\/form>\n<\/div>\n[\/vc_column_text][\/vc_column][\/vc_row][vc_row uniqid=&#8221;632a219078a35&#8243;][vc_column][vc_column_text css_animation=&#8221;fadeIn&#8221;]<\/p>\n<p style=\"text-align: center;\">Szukasz studia filmowego we Wroc\u0142awiu, z pomoc\u0105 kt\u00f3rego stworzysz wideo na potrzeby promocji swojej marki, produktu czy wydarzenia? Zapraszamy do kontaktu z Mojo Movies!<\/p>\n<p>[\/vc_column_text][\/vc_column][\/vc_row]<\/p>\n<\/div>","protected":false},"excerpt":{"rendered":"<p>[vc_row full_width=&#8221;stretch_row_content_no_spaces&#8221; uniqid=&#8221;5cda6d888e791&#8243;][vc_column][\/vc_column][\/vc_row][vc_row][vc_column width=&#8221;1\/2&#8243; css=&#8221;.vc_custom_1557823572261{padding-top: 20px !important;padding-bottom: 80px !important;}&#8221; uniqid=&#8221;5cda7cbd2d333&#8243;][vc_column_text el_class=&#8221;text-t1&#8243;]Ju\u017c na\u00a0wst\u0119pie chcemy zada\u0107 Ci kilka pyta\u0144 tak\u00a0by\u00a0jak najlepiej zrozumie\u0107 jak mo\u017cemy Ci pom\u00f3c. Komunikacja to\u00a0podstawa.[\/vc_column_text][vc_raw_html]JTNDZGl2JTIwY2xhc3MlM0QlMjJoZWFkaW5nLWJsb2NrJTIwaGVhZGluZy01Y2RhNmRlMjU3MGNlJTIwdGFsJTIwaC1oNSUyMiUzRSUzQ2RpdiUyMGNsYXNzJTNEJTIyc3ViLWglMjIlM0V0ZWxlZm9uJTNDJTJGZGl2JTNFJTNDaDUlMjBjbGFzcyUzRCUyMmglMjIlM0UlM0NhJTIwaHJlZiUzRCUyMnRlbCUzQSUyQjQ4NjY0NDE3NTY4JTIyJTNFJTJCNDglMjA2NjQlMjA0MTclMjA1NjglM0MlMkZhJTNFJTNDJTJGaDUlM0UlM0MlMkZkaXYlM0U=[\/vc_raw_html][vc_raw_html]JTNDZGl2JTIwY2xhc3MlM0QlMjJoZWFkaW5nLWJsb2NrJTIwaGVhZGluZy01Y2RhNmRlMjU3MGNlJTIwdGFsJTIwaC1oNSUyMiUzRSUzQ2RpdiUyMGNsYXNzJTNEJTIyc3ViLWglMjIlM0VlLW1haWwlM0MlMkZkaXYlM0UlM0NoNSUyMGNsYXNzJTNEJTIyaCUyMiUzRSUzQ2ElMjBocmVmJTNEJTIybWFpbHRvJTNBa29udGFrdCU0MG1vam9tb3ZpZXMucGwlMjIlM0Vrb250YWt0JTQwbW9qb21vdmllcy5wbCUzQyUyRmElM0UlM0MlMkZoNSUzRSUzQyUyRmRpdiUzRQ==[\/vc_raw_html][vc_raw_html]JTNDZGl2JTIwY2xhc3MlM0QlMjJoZWFkaW5nLWJsb2NrJTIwaGVhZGluZy01Y2RhNmRlMjU3MGNlJTIwdGFsJTIwaC1oNSUyMiUzRSUzQ2RpdiUyMGNsYXNzJTNEJTIyc3ViLWglMjIlM0VhZHJlcyUzQyUyRmRpdiUzRSUzQ2g1JTIwY2xhc3MlM0QlMjJoJTIyJTNFJTNDYSUyMGhyZWYlM0QlMjJodHRwcyUzQSUyRiUyRnd3dy5nb29nbGUuY29tJTJGbWFwcyUyRnBsYWNlJTJGSGlzenBhJTI1QzUlMjU4NHNrYSUyQjI3JTI1MkY4JTJDJTJCNTQtNDA5JTJCV3JvYyUyNUM1JTI1ODJhdyUyRmRhdGElM0QlMjE0bTIlMjEzbTElMjExczB4NDcwZmMxYzIyMzA4MGNkZCUzQTB4NGI3OTJhMzAxZTJmYjk5YyUzRnNhJTNEWCUyNnZlZCUzRDJhaFVLRXdpZnFfM2M0TGotQWhWRS15b0tIV3NnQnJ3UThnRjZCQWdMRUFJJTIyJTIwdGFyZ2V0JTNEJTIyX2JsYW5rJTIyJTNFSGlzenBhJUM1JTg0c2thJTIwMjclMkY4JTJDJTIwNTQtNDA5JTIwV3JvYyVDNSU4MmF3JTNDJTJGYSUzRSUzQyUyRmg1JTNFJTNDJTJGZGl2JTNF[\/vc_raw_html][\/vc_column][vc_column width=&#8221;1\/2&#8243; css=&#8221;.vc_custom_1558337353999{padding-top: 50px !important;}&#8221; uniqid=&#8221;5cda7d00229ce&#8221;][vc_column_text][\/vc_column_text][\/vc_column][\/vc_row][vc_row uniqid=&#8221;632a219078a35&#8243;][vc_column][vc_column_text css_animation=&#8221;fadeIn&#8221;] Szukasz studia filmowego we Wroc\u0142awiu, z pomoc\u0105 kt\u00f3rego stworzysz wideo na potrzeby promocji swojej marki, produktu czy wydarzenia? Zapraszamy do kontaktu z [&hellip;]<\/p>\n","protected":false},"author":1,"featured_media":0,"parent":0,"menu_order":0,"comment_status":"closed","ping_status":"closed","template":"template-landing.php","meta":{"_acf_changed":false,"footnotes":""},"class_list":["post-592","page","type-page","status-publish","hentry"],"acf":[],"lang":"pl","translations":{"pl":592,"en":2316},"pll_sync_post":[],"_links":{"self":[{"href":"https:\/\/mojomovies.pl\/index.php?rest_route=\/wp\/v2\/pages\/592","targetHints":{"allow":["GET"]}}],"collection":[{"href":"https:\/\/mojomovies.pl\/index.php?rest_route=\/wp\/v2\/pages"}],"about":[{"href":"https:\/\/mojomovies.pl\/index.php?rest_route=\/wp\/v2\/types\/page"}],"author":[{"embeddable":true,"href":"https:\/\/mojomovies.pl\/index.php?rest_route=\/wp\/v2\/users\/1"}],"replies":[{"embeddable":true,"href":"https:\/\/mojomovies.pl\/index.php?rest_route=%2Fwp%2Fv2%2Fcomments&post=592"}],"version-history":[{"count":16,"href":"https:\/\/mojomovies.pl\/index.php?rest_route=\/wp\/v2\/pages\/592\/revisions"}],"predecessor-version":[{"id":2654,"href":"https:\/\/mojomovies.pl\/index.php?rest_route=\/wp\/v2\/pages\/592\/revisions\/2654"}],"wp:attachment":[{"href":"https:\/\/mojomovies.pl\/index.php?rest_route=%2Fwp%2Fv2%2Fmedia&parent=592"}],"curies":[{"name":"wp","href":"https:\/\/api.w.org\/{rel}","templated":true}]}}