{"id":1663,"date":"2022-06-08T15:15:45","date_gmt":"2022-06-08T15:15:45","guid":{"rendered":"https:\/\/mojomovies.pl\/?page_id=1663"},"modified":"2024-09-18T11:52:34","modified_gmt":"2024-09-18T09:52:34","slug":"o-nas","status":"publish","type":"page","link":"https:\/\/mojomovies.pl\/?page_id=1663","title":{"rendered":"O nas"},"content":{"rendered":"<div class=\"wpb-content-wrapper\"><p>[vc_row full_width=&#8221;stretch_row_content_no_spaces&#8221; uniqid=&#8221;5cd93467e61fb&#8221;][vc_column][vc_column_text]    <section class=\"banner-area banner-area-5cd921458e92c banner-default\">\n            <div class=\"banner-item tal\" style=\"height: 900px;\">\n        \n    <div class=\"bg-overlay\">\n                        <div class=\"image\" data-parallax=\"true\" data-image-src=\"https:\/\/mojomovies.pl\/wp-content\/uploads\/2022\/06\/o-nas-1.jpg\" data-position-y=\"center\" data-speed=\"0.8\"><\/div>\n                                <div class=\"color\"><\/div>\n          <\/div>\n\n            <div class=\"container\">\n          <div class=\"row align-items-center fixed-height\" style=\"height: 900px;\">\n            <div class=\"col\">\n                              <div class=\"heading-block tal\">\n                                      <div class=\"sub-h\">dowiedz si\u0119 wi\u0119cej<\/div>\n                                      <h1 class=\"h\"><span>O nas<\/span><\/h1>\n                                  <\/div>\n                              <a class=\"play-button-style2 single-popup-item\" href=\"#\" data-magic-cursor=\"link\" data-type=\"video\" data-size=\"1920x1080\" data-video='<div class=\"wrapper\"><div class=\"video-wrapper\"><iframe loading=\"lazy\" class=\"pswp__video\" width=\"1920\" height=\"1080\" src=\"https:\/\/player.vimeo.com\/video\/722614852?byline=0&#038;portrait=0&#038;autoplay=1&#038;muted=1\" frameborder=\"0\" allowfullscreen><\/iframe><\/div><\/div>'>\n                  <svg>\n                    <use xlink:href=\"#dotted-circle\"><\/use>\n                  <\/svg>\n                  <i class=\"essential-compilation-play-button\"><\/i>\n                  <i class=\"essential-compilation-play-button\"><\/i>\n                  <span>Odtw\u00f3rz<\/span>\n                <\/a>\n                          <\/div>\n          <\/div>\n        <\/div>\n      <\/div>\n    <\/section>\n    [\/vc_column_text][\/vc_column][\/vc_row][vc_row css=&#8221;.vc_custom_1654697546600{padding-top: 45px !important;padding-bottom: 0px !important;}&#8221; uniqid=&#8221;5cd9387346374&#8243;][vc_column][vc_column_text el_class=&#8221;text-t1&#8243;]Sam \u015bwiat Mojo znale\u017ali\u015bmy dawno temu w przygodowej grze z serii Monkey Island. I to ona nas zainspirowa\u0142a do tego klimatu. Na wodach bran\u017cy filmowej czujemy si\u0119 bowiem jak piraciki, kt\u00f3rym nie straszne wyzwania i sztormy. Wierzymy, \u017ce rzeczywisto\u015b\u0107 ma do zaoferowania wi\u0119cej ni\u017c tylko to, co wida\u0107 go\u0142ym okiem. Jest w niej ukryta magia, kt\u00f3r\u0105 chcemy wydobywa\u0107 i pokazywa\u0107 \u015bwiatu w naszych produkcjach. A samo s\u0142owo Mojo? To cecha, kt\u00f3ra przyci\u0105ga do Ciebie ludzi i sprawia, \u017ce odnosisz sukcesy i jeste\u015b pe\u0142en energii. I takie w\u0142a\u015bnie jest nasze studio filmowe z Wroc\u0142awia.[\/vc_column_text][vc_column_text el_class=&#8221;text-t1&#8243;]<span style=\"font-weight: 400;\">As far back as we can remember, we always wanted to be filmmakers. <\/span>Z filmami mamy do\u015bwiadczenie od najm\u0142odszych lat, najpierw je ogl\u0105dali\u015bmy, a teraz je tworzymy. Nasze kinofilskie zami\u0142owanie trwa nadal. Opr\u00f3cz prowadzenia studia filmowego we Wroc\u0142awiu, wsp\u00f3\u0142tworzymy r\u00f3wnie\u017c <a href=\"https:\/\/www.facebook.com\/WatchingClosely\/\" target=\"_blank\" rel=\"noopener\">WatchingClosely<\/a> \u2013 jedn\u0105 z bardziej poczytnych platform filmowych w Polsce. Uwa\u017camy, \u017ce aby kr\u0119ci\u0107 dobre filmy trzeba ich zawczasu troch\u0119 obejrze\u0107. Ci\u0119\u017cko nam sobie wyobrazi\u0107 kogo\u015b kto nie ogl\u0105da film\u00f3w i si\u0119 nimi nie interesuje i nazywa si\u0119 filmowcem. To tak jakby szef kuchni nie lubi\u0142 je\u015b\u0107.[\/vc_column_text][vc_column_text el_class=&#8221;text-t1&#8243;]<span style=\"font-weight: 400;\">Bo wiemy, jak dobrze tak\u0105 zorganizowa\u0107. By zar\u00f3wno dop\u0142yn\u0105\u0107 do docelowego portu, jak i po drodze prze\u017cy\u0107 ciekaw\u0105 przygod\u0119. We are not another average film crew. Uwa\u017cajcie na nas!\u00a0 Wierzymy, \u017ce znane nam zakl\u0119cia potrafi\u0105 wyczarowa\u0107 ka\u017cd\u0105 filmow\u0105 histori\u0119 . Jak chcesz poczu\u0107 troch\u0119 tej magii, to wskakuj do nas na pok\u0142ad i ruszajmy! Niesamowity \u015bwiat filmowych historii czeka na odkrycie. <\/span>[\/vc_column_text][vc_column_text el_class=&#8221;text-t1&#8243;]Nasze filmy wyp\u0142ywaj\u0105 na szerokie wody &#8211; od Internetu, przez telewizj\u0119, a ko\u0144cz\u0105c na festiwalach filmowych. Stawiamy na pisanie oryginalnych scenariuszy naszych produkcji. Z lokalnej zatoki wyp\u0142yn\u0119li\u015bmy na morze, a zmierzamy na ocean. O burt\u0119 naszego statku rozbili\u015bmy butelk\u0119 rumu, a na maszt wci\u0105gn\u0119li\u015bmy piracikow\u0105 flag\u0119. Nasza flaga oznacza dobre kino.[\/vc_column_text][vc_column_text el_class=&#8221;text-t1&#8243;]Pracujemy nad tym. Na ka\u017cdym kroku szukamy innowacji i \u015bwie\u017cych pomys\u0142\u00f3w. Jak ju\u017c patrzymy na wzorce, to zazwyczaj na te zza Wielkiej Wody. Nakr\u0119cimy reklam\u0119 dla Tesli, pomo\u017cemy na planie filmu Martina Scorsese i wypijemy herbat\u0119 z termosu z Christopherem Nolanem. Wypijemy na ciep\u0142o, herbatke na zimno z Mastermindem Georgem Millerem.[\/vc_column_text][\/vc_column][\/vc_row][vc_row css=&#8221;.vc_custom_1557742601182{padding-top: 40px !important;padding-bottom: 75px !important;}&#8221; uniqid=&#8221;5cc2b13f34c24&#8243;][vc_column][vc_column_text]      <div class=\"heading-block heading-5cc2b0fed3e3e tal h-h2 with-dots mode-overlay vc_custom_1654701966969\">\n                  <h2 class=\"h\">Kto jest <span>na pok\u0142adzie?<\/span><\/h2>\n              <\/div>\n        <div class=\"team-block team-carousel-5cc2afd8f5435\">\n              <div class=\"prev base-icon-back\" data-magic-cursor=\"link-small\"><\/div>\n        <div class=\"next base-icon-next-1\" data-magic-cursor=\"link-small\"><\/div>\n            <div class=\"swiper-container\" data-magic-cursor=\"link-w-text\" data-magic-cursor-text=\"Drag\">\n        <div class=\"swiper-wrapper\">\n              <div class=\"team-item swiper-slide team-item-5cc2af2243caf\">\n      <div class=\"avatar\">\n        <div class=\"img\" style=\"background-image: url(https:\/\/mojomovies.pl\/wp-content\/uploads\/2022\/06\/Maciej-scaled-1.jpg);\"><\/div>\n              <\/div>\n      <div class=\"bottom\">\n                  <h5 class=\"name\">Maciek<\/h5>\n                  <div class=\"post\"><\/div>\n              <\/div>\n    <\/div>\n        <div class=\"team-item swiper-slide team-item-5cc2af83c81f3\">\n      <div class=\"avatar\">\n        <div class=\"img\" style=\"background-image: url(https:\/\/mojomovies.pl\/wp-content\/uploads\/2022\/06\/Dominik-scaled-e1619096233738.jpg);\"><\/div>\n              <\/div>\n      <div class=\"bottom\">\n                  <h5 class=\"name\">Dominik<\/h5>\n                  <div class=\"post\"><\/div>\n              <\/div>\n    <\/div>\n            <\/div>\n      <\/div>\n    <\/div>\n    [\/vc_column_text][\/vc_column][\/vc_row][vc_row css_animation=&#8221;fadeInUp&#8221; css=&#8221;.vc_custom_1654698161141{padding-top: 40px !important;padding-bottom: 40px !important;}&#8221; uniqid=&#8221;5ce24ce369b16&#8243;][vc_column][vc_column_text]      <div class=\"heading-block heading-5cd94337f3a06 tal h-h2 with-dots vc_custom_1654701740374\">\n                  <h2 class=\"h\">Ostatnie <span>wpisy<\/span><\/h2>\n              <\/div>\n          <div class=\"blog-block filter-block blog-5cd943297a57b\">\n                <div class=\" blog-items row isotope blog-grid\">\n                      <div class=\"grid-sizer col-1\"><\/div>\n                                  <article class=\"blog-item  col-12 col-md-4 category-uncategorized\">\n              <div class=\"wrap \">\n                                <div class=\"content\">\n                                      <div class=\"date\">23\/06\/2023<\/div>\n                                      <h5 class=\"title\"><a href=\"https:\/\/mojomovies.pl\/?p=2391&#038;lang=en\">Watching Closely #19 - Artur Liebhart - Why is it important to watch documentary movies?<\/a><\/h5>\n                                      <div class=\"desc\">\nArtur Liebhart, dyrektor festiwalu Millennium Docs Against Gravity, wyzna\u0142 nam, kt\u00f3re filmy sprawi\u0142y, \u017ce pokocha\u0142 kino dokumentalne i sk\u0105d wz...<\/div>\n                                      <a class=\"button-style1\" href=\"https:\/\/mojomovies.pl\/?p=2391&#038;lang=en\"><span>Czytaj wi\u0119cej<\/span><\/a>\n                                  <\/div>\n              <\/div>\n            <\/article>\n                                  <article class=\"blog-item  col-12 col-md-4 category-uncategorized\">\n              <div class=\"wrap \">\n                                <div class=\"content\">\n                                      <div class=\"date\">10\/05\/2023<\/div>\n                                      <h5 class=\"title\"><a href=\"https:\/\/mojomovies.pl\/?p=2282\">Watching Closely #19 - Artur Liebhart - Dlaczego warto ogl\u0105da\u0107 filmy dokumentalne?<\/a><\/h5>\n                                      <div class=\"desc\">\nArtur Liebhart, dyrektor festiwalu Millennium Docs Against Gravity, wyzna\u0142 nam, kt\u00f3re filmy sprawi\u0142y, \u017ce pokocha\u0142 kino dokumentalne i sk\u0105d wz...<\/div>\n                                      <a class=\"button-style1\" href=\"https:\/\/mojomovies.pl\/?p=2282\"><span>Czytaj wi\u0119cej<\/span><\/a>\n                                  <\/div>\n              <\/div>\n            <\/article>\n                                  <article class=\"blog-item  col-12 col-md-4 category-uncategorized\">\n              <div class=\"wrap \">\n                                <div class=\"content\">\n                                      <div class=\"date\">26\/04\/2023<\/div>\n                                      <h5 class=\"title\"><a href=\"https:\/\/mojomovies.pl\/?p=2275\">Watch Like Mojo #18 - Konrad Aksinowicz - Part I - Dlaczego uciek\u0142 do Australii \u017ceby kr\u0119ci\u0107 filmy w Polsce?<\/a><\/h5>\n                                      <div class=\"desc\">\nKonrad Aksinowicz kolejnym go\u015bciem naszego podcastu!\n\n\n\nTo re\u017cyser i scenarzysta jednego z naszych ulubionych polskich film\u00f3w ostatnich lat -...<\/div>\n                                      <a class=\"button-style1\" href=\"https:\/\/mojomovies.pl\/?p=2275\"><span>Czytaj wi\u0119cej<\/span><\/a>\n                                  <\/div>\n              <\/div>\n            <\/article>\n                  <\/div>\n              <\/div>\n      [\/vc_column_text][\/vc_column][\/vc_row][vc_row uniqid=&#8221;632a216bb440c&#8221;][vc_column][vc_column_text css_animation=&#8221;fadeIn&#8221;]<\/p>\n<p style=\"text-align: center;\">Mojo Movies to wroc\u0142awskie studio filmowe. Specjalizujemy si\u0119 w produkcji klip\u00f3w promocyjnych, reklamowych i eventowych. Sk\u0105d wzi\u0119\u0142a si\u0119 nasza nazwa, kto nas inspiruje? Kliknij i poznaj nas bli\u017cej!<\/p>\n<p>[\/vc_column_text][\/vc_column][\/vc_row]<\/p>\n<\/div>","protected":false},"excerpt":{"rendered":"<p>[vc_row full_width=&#8221;stretch_row_content_no_spaces&#8221; uniqid=&#8221;5cd93467e61fb&#8221;][vc_column][vc_column_text][\/vc_column_text][\/vc_column][\/vc_row][vc_row css=&#8221;.vc_custom_1654697546600{padding-top: 45px !important;padding-bottom: 0px !important;}&#8221; uniqid=&#8221;5cd9387346374&#8243;][vc_column][vc_column_text el_class=&#8221;text-t1&#8243;]Sam \u015bwiat Mojo znale\u017ali\u015bmy dawno temu w przygodowej grze z serii Monkey Island. I to ona nas zainspirowa\u0142a do tego klimatu. Na wodach bran\u017cy filmowej czujemy si\u0119 bowiem jak piraciki, kt\u00f3rym nie straszne wyzwania i sztormy. Wierzymy, \u017ce rzeczywisto\u015b\u0107 ma do zaoferowania wi\u0119cej ni\u017c tylko to, [&hellip;]<\/p>\n","protected":false},"author":1,"featured_media":0,"parent":0,"menu_order":0,"comment_status":"closed","ping_status":"closed","template":"template-landing.php","meta":{"_acf_changed":false,"footnotes":""},"class_list":["post-1663","page","type-page","status-publish","hentry"],"acf":[],"lang":"pl","translations":{"pl":1663,"en":2312},"pll_sync_post":[],"_links":{"self":[{"href":"https:\/\/mojomovies.pl\/index.php?rest_route=\/wp\/v2\/pages\/1663","targetHints":{"allow":["GET"]}}],"collection":[{"href":"https:\/\/mojomovies.pl\/index.php?rest_route=\/wp\/v2\/pages"}],"about":[{"href":"https:\/\/mojomovies.pl\/index.php?rest_route=\/wp\/v2\/types\/page"}],"author":[{"embeddable":true,"href":"https:\/\/mojomovies.pl\/index.php?rest_route=\/wp\/v2\/users\/1"}],"replies":[{"embeddable":true,"href":"https:\/\/mojomovies.pl\/index.php?rest_route=%2Fwp%2Fv2%2Fcomments&post=1663"}],"version-history":[{"count":24,"href":"https:\/\/mojomovies.pl\/index.php?rest_route=\/wp\/v2\/pages\/1663\/revisions"}],"predecessor-version":[{"id":2657,"href":"https:\/\/mojomovies.pl\/index.php?rest_route=\/wp\/v2\/pages\/1663\/revisions\/2657"}],"wp:attachment":[{"href":"https:\/\/mojomovies.pl\/index.php?rest_route=%2Fwp%2Fv2%2Fmedia&parent=1663"}],"curies":[{"name":"wp","href":"https:\/\/api.w.org\/{rel}","templated":true}]}}